{"id":7,"date":"2026-02-12T10:01:39","date_gmt":"2026-02-12T10:01:39","guid":{"rendered":"https:\/\/www.siracusaannunci.it\/rccollection\/?page_id=7"},"modified":"2026-03-23T10:18:39","modified_gmt":"2026-03-23T10:18:39","slug":"la-societa","status":"publish","type":"page","link":"https:\/\/www.rccollection.it\/index.php\/la-societa\/","title":{"rendered":"La societ\u00e0"},"content":{"rendered":"\t\t<div data-elementor-type=\"wp-post\" data-elementor-id=\"7\" class=\"elementor elementor-7\" data-elementor-post-type=\"page\">\n\t\t\t\t<div class=\"elementor-element elementor-element-79dd7889 e-con-full e-flex e-con e-parent\" data-id=\"79dd7889\" data-element_type=\"container\" data-e-type=\"container\">\n\t\t<div class=\"elementor-element elementor-element-58c633b3 e-con-full e-flex e-con e-child\" data-id=\"58c633b3\" data-element_type=\"container\" data-e-type=\"container\">\n\t\t\t\t<div class=\"elementor-element elementor-element-63b84d19 elementor-widget elementor-widget-heading\" data-id=\"63b84d19\" data-element_type=\"widget\" data-e-type=\"widget\" data-widget_type=\"heading.default\">\n\t\t\t\t\t<h1 class=\"elementor-heading-title elementor-size-default\">Siamo leader nella gestione del credito da <b>25 anni<\/b><\/h1>\t\t\t\t<\/div>\n\t\t\t\t<div class=\"elementor-element elementor-element-d6fd62b elementor-widget-divider--view-line elementor-widget elementor-widget-divider\" data-id=\"d6fd62b\" data-element_type=\"widget\" data-e-type=\"widget\" data-widget_type=\"divider.default\">\n\t\t\t\t\t\t\t<div class=\"elementor-divider\">\n\t\t\t<span class=\"elementor-divider-separator\">\n\t\t\t\t\t\t<\/span>\n\t\t<\/div>\n\t\t\t\t\t\t<\/div>\n\t\t\t\t<div class=\"elementor-element elementor-element-21f7e1b4 elementor-widget elementor-widget-text-editor\" data-id=\"21f7e1b4\" data-element_type=\"widget\" data-e-type=\"widget\" data-widget_type=\"text-editor.default\">\n\t\t\t\t\t\t\t\t\t<p class=\"rtejustify\">R.C. Collection Srl nasce nel dicembre del 2000, grazie all\u2019intuito del suo fondatore, come societ\u00e0 di servizi specializzata nel credit management e nelle attivit\u00e0 di assistenza alla clientela in conto terzi.<\/p><p class=\"rtejustify\">La nostra societ\u00e0 offre servizi che si basano su processi operativi e decisionali rapidi, sicuri ed efficienti in grado di rispondere pienamente alle aspettative dei propri clienti. L&#8217;affidabilit\u00e0, la competenza e la solidit\u00e0 sono la cifra del nostro operare, risultato di continui investimenti nella crescita professionale dell&#8217;azienda e del suo intero personale.<\/p>\t\t\t\t\t\t\t\t<\/div>\n\t\t\t\t<div class=\"elementor-element elementor-element-34b00661 elementor-tablet-align-center elementor-invisible elementor-widget elementor-widget-button\" data-id=\"34b00661\" data-element_type=\"widget\" data-e-type=\"widget\" data-settings=\"{&quot;_animation&quot;:&quot;fadeInLeft&quot;}\" data-widget_type=\"button.default\">\n\t\t\t\t\t\t\t\t\t\t<a class=\"elementor-button elementor-button-link elementor-size-sm elementor-animation-shrink\" href=\"https:\/\/www.rccollection.it\/index.php\/contatti\/\">\n\t\t\t\t\t\t<span class=\"elementor-button-content-wrapper\">\n\t\t\t\t\t\t\t\t\t<span class=\"elementor-button-text\">contatti<\/span>\n\t\t\t\t\t<\/span>\n\t\t\t\t\t<\/a>\n\t\t\t\t\t\t\t\t<\/div>\n\t\t\t\t<\/div>\n\t\t<div class=\"elementor-element elementor-element-39285f9b e-con-full e-flex e-con e-child\" data-id=\"39285f9b\" data-element_type=\"container\" data-e-type=\"container\" data-settings=\"{&quot;background_background&quot;:&quot;classic&quot;,&quot;background_motion_fx_motion_fx_scrolling&quot;:&quot;yes&quot;,&quot;background_motion_fx_scale_effect&quot;:&quot;yes&quot;,&quot;background_motion_fx_scale_range&quot;:{&quot;unit&quot;:&quot;%&quot;,&quot;size&quot;:&quot;&quot;,&quot;sizes&quot;:{&quot;start&quot;:50,&quot;end&quot;:100}},&quot;background_motion_fx_scale_direction&quot;:&quot;out-in&quot;,&quot;background_motion_fx_scale_speed&quot;:{&quot;unit&quot;:&quot;px&quot;,&quot;size&quot;:4,&quot;sizes&quot;:[]},&quot;background_motion_fx_devices&quot;:[&quot;desktop&quot;,&quot;tablet&quot;,&quot;mobile&quot;]}\">\n\t\t\t\t<\/div>\n\t\t\t\t<\/div>\n\t\t<div class=\"elementor-element elementor-element-31ebcbfa e-con-full e-flex e-con e-parent\" data-id=\"31ebcbfa\" data-element_type=\"container\" data-e-type=\"container\" data-settings=\"{&quot;background_background&quot;:&quot;gradient&quot;}\">\n\t\t<div class=\"elementor-element elementor-element-4f97c7e1 e-con-full e-flex e-con e-child\" data-id=\"4f97c7e1\" data-element_type=\"container\" data-e-type=\"container\">\n\t\t\t\t<div class=\"elementor-element elementor-element-9ede8dc elementor-widget-tablet__width-inherit elementor-cta--skin-classic elementor-animated-content elementor-bg-transform elementor-bg-transform-zoom-in elementor-widget elementor-widget-call-to-action\" data-id=\"9ede8dc\" data-element_type=\"widget\" data-e-type=\"widget\" data-widget_type=\"call-to-action.default\">\n\t\t\t\t<div class=\"elementor-widget-container\">\n\t\t\t\t\t\t\t<div class=\"elementor-cta\">\n\t\t\t\t\t<div class=\"elementor-cta__bg-wrapper\">\n\t\t\t\t<div class=\"elementor-cta__bg elementor-bg\" style=\"background-image: url(https:\/\/www.rccollection.it\/wp-content\/uploads\/2026\/02\/it-support-personnel-working-call-center-scaled.jpg);\" role=\"img\" aria-label=\"IT support personnel working in call center, providing outsourcing services for data centers. Woman at work talking in headphones microphone with on field engineer in server hub\"><\/div>\n\t\t\t\t<div class=\"elementor-cta__bg-overlay\"><\/div>\n\t\t\t<\/div>\n\t\t\t\t\t\t\t\t<\/div>\n\t\t\t\t\t\t<\/div>\n\t\t\t\t<\/div>\n\t\t\t\t<div class=\"elementor-element elementor-element-3c60cb2f elementor-widget__width-initial elementor-absolute elementor-widget elementor-widget-spacer\" data-id=\"3c60cb2f\" data-element_type=\"widget\" data-e-type=\"widget\" data-settings=\"{&quot;_position&quot;:&quot;absolute&quot;}\" data-widget_type=\"spacer.default\">\n\t\t\t\t\t\t\t<div class=\"elementor-spacer\">\n\t\t\t<div class=\"elementor-spacer-inner\"><\/div>\n\t\t<\/div>\n\t\t\t\t\t\t<\/div>\n\t\t\t\t<\/div>\n\t\t<div class=\"elementor-element elementor-element-61e38ec4 e-con-full e-flex e-con e-child\" data-id=\"61e38ec4\" data-element_type=\"container\" data-e-type=\"container\">\n\t\t\t\t<div class=\"elementor-element elementor-element-6f144ba3 elementor-widget-divider--view-line elementor-widget elementor-widget-divider\" data-id=\"6f144ba3\" data-element_type=\"widget\" data-e-type=\"widget\" data-widget_type=\"divider.default\">\n\t\t\t\t\t\t\t<div class=\"elementor-divider\">\n\t\t\t<span class=\"elementor-divider-separator\">\n\t\t\t\t\t\t<\/span>\n\t\t<\/div>\n\t\t\t\t\t\t<\/div>\n\t\t\t\t<div class=\"elementor-element elementor-element-2e413558 elementor-widget elementor-widget-heading\" data-id=\"2e413558\" data-element_type=\"widget\" data-e-type=\"widget\" data-widget_type=\"heading.default\">\n\t\t\t\t\t<h2 class=\"elementor-heading-title elementor-size-default\"><br>La nostra <b>Mission<\/b> \u00e8 L'eccellenza<\/h2>\t\t\t\t<\/div>\n\t\t\t\t<div class=\"elementor-element elementor-element-77264e1f elementor-widget elementor-widget-text-editor\" data-id=\"77264e1f\" data-element_type=\"widget\" data-e-type=\"widget\" data-widget_type=\"text-editor.default\">\n\t\t\t\t\t\t\t\t\t<p>Alta specializzazione, competenze specifiche nel settore di riferimento, innovazione continua e miglioramento dei processi, ci consentono di ottenere elevate performance nel recupero crediti e nel Customer Care Management<\/p>\t\t\t\t\t\t\t\t<\/div>\n\t\t<div class=\"elementor-element elementor-element-5d586727 e-con-full e-flex e-con e-child\" data-id=\"5d586727\" data-element_type=\"container\" data-e-type=\"container\">\n\t\t\t\t<div class=\"elementor-element elementor-element-1390053 elementor-tablet-align-center elementor-invisible elementor-widget elementor-widget-button\" data-id=\"1390053\" data-element_type=\"widget\" data-e-type=\"widget\" data-settings=\"{&quot;_animation&quot;:&quot;fadeInLeft&quot;}\" data-widget_type=\"button.default\">\n\t\t\t\t\t\t\t\t\t\t<a class=\"elementor-button elementor-button-link elementor-size-sm elementor-animation-shrink\" href=\"https:\/\/www.rccollection.it\/index.php\/contatti\/\">\n\t\t\t\t\t\t<span class=\"elementor-button-content-wrapper\">\n\t\t\t\t\t\t\t\t\t<span class=\"elementor-button-text\">contatti<\/span>\n\t\t\t\t\t<\/span>\n\t\t\t\t\t<\/a>\n\t\t\t\t\t\t\t\t<\/div>\n\t\t\t\t<\/div>\n\t\t\t\t<\/div>\n\t\t\t\t<\/div>\n\t\t<div class=\"elementor-element elementor-element-60c769f e-flex e-con-boxed e-con e-parent\" data-id=\"60c769f\" data-element_type=\"container\" data-e-type=\"container\" data-settings=\"{&quot;background_background&quot;:&quot;classic&quot;}\">\n\t\t\t\t\t<div class=\"e-con-inner\">\n\t\t<div class=\"elementor-element elementor-element-5f2d1ca e-con-full e-flex e-con e-child\" data-id=\"5f2d1ca\" data-element_type=\"container\" data-e-type=\"container\">\n\t\t\t\t<div class=\"elementor-element elementor-element-5399852a elementor-widget__width-auto elementor-widget elementor-widget-heading\" data-id=\"5399852a\" data-element_type=\"widget\" data-e-type=\"widget\" data-widget_type=\"heading.default\">\n\t\t\t\t\t<span class=\"elementor-heading-title elementor-size-default\">1<\/span>\t\t\t\t<\/div>\n\t\t\t\t<div class=\"elementor-element elementor-element-4adedbae elementor-widget elementor-widget-image-box\" data-id=\"4adedbae\" data-element_type=\"widget\" data-e-type=\"widget\" data-widget_type=\"image-box.default\">\n\t\t\t\t\t<div class=\"elementor-image-box-wrapper\"><div class=\"elementor-image-box-content\"><h4 class=\"elementor-image-box-title\">le risorse<br> umane<\/h4><p class=\"elementor-image-box-description\">Atamente specializzate e professionalmente \u201cleading\u201d nel settore del recupero;<\/p><\/div><\/div>\t\t\t\t<\/div>\n\t\t\t\t<\/div>\n\t\t<div class=\"elementor-element elementor-element-019767f e-con-full e-flex e-con e-child\" data-id=\"019767f\" data-element_type=\"container\" data-e-type=\"container\">\n\t\t\t\t<div class=\"elementor-element elementor-element-2508cfba elementor-widget__width-auto elementor-widget elementor-widget-heading\" data-id=\"2508cfba\" data-element_type=\"widget\" data-e-type=\"widget\" data-widget_type=\"heading.default\">\n\t\t\t\t\t<span class=\"elementor-heading-title elementor-size-default\">2<\/span>\t\t\t\t<\/div>\n\t\t\t\t<div class=\"elementor-element elementor-element-7a9ad15f elementor-widget elementor-widget-image-box\" data-id=\"7a9ad15f\" data-element_type=\"widget\" data-e-type=\"widget\" data-widget_type=\"image-box.default\">\n\t\t\t\t\t<div class=\"elementor-image-box-wrapper\"><div class=\"elementor-image-box-content\"><h4 class=\"elementor-image-box-title\">metodologie standardizzate <\/h4><p class=\"elementor-image-box-description\">Ed innovative nella gestione<br> dei portafogli critici.<\/p><\/div><\/div>\t\t\t\t<\/div>\n\t\t\t\t<\/div>\n\t\t<div class=\"elementor-element elementor-element-0f11ab6 e-con-full e-flex e-con e-child\" data-id=\"0f11ab6\" data-element_type=\"container\" data-e-type=\"container\">\n\t\t\t\t<div class=\"elementor-element elementor-element-5ebf9e5 elementor-widget__width-auto elementor-widget elementor-widget-heading\" data-id=\"5ebf9e5\" data-element_type=\"widget\" data-e-type=\"widget\" data-widget_type=\"heading.default\">\n\t\t\t\t\t<span class=\"elementor-heading-title elementor-size-default\">3<\/span>\t\t\t\t<\/div>\n\t\t\t\t<div class=\"elementor-element elementor-element-1b50e491 elementor-widget elementor-widget-image-box\" data-id=\"1b50e491\" data-element_type=\"widget\" data-e-type=\"widget\" data-widget_type=\"image-box.default\">\n\t\t\t\t\t<div class=\"elementor-image-box-wrapper\"><div class=\"elementor-image-box-content\"><h4 class=\"elementor-image-box-title\">tecnologie <br>informatiche <\/h4><p class=\"elementor-image-box-description\">Di avanguardia <br>nel mercato<\/p><\/div><\/div>\t\t\t\t<\/div>\n\t\t\t\t<\/div>\n\t\t\t\t\t<\/div>\n\t\t\t\t<\/div>\n\t\t\t\t<\/div>\n\t\t","protected":false},"excerpt":{"rendered":"<p>Siamo leader nella gestione del credito da 25 anni R.C. Collection Srl nasce nel dicembre del 2000, grazie all\u2019intuito del suo fondatore, come societ\u00e0 di servizi specializzata nel credit management e nelle attivit\u00e0 di assistenza alla clientela in conto terzi. La nostra societ\u00e0 offre servizi che si basano su processi operativi e decisionali rapidi, sicuri [&hellip;]<\/p>\n","protected":false},"author":1,"featured_media":0,"parent":0,"menu_order":0,"comment_status":"closed","ping_status":"closed","template":"","meta":{"footnotes":""},"class_list":["post-7","page","type-page","status-publish","hentry"],"yoast_head":"<!-- This site is optimized with the Yoast SEO plugin v27.0 - https:\/\/yoast.com\/product\/yoast-seo-wordpress\/ -->\n<title>La societ\u00e0 - Rc Collections<\/title>\n<meta name=\"robots\" content=\"index, follow, max-snippet:-1, max-image-preview:large, max-video-preview:-1\" \/>\n<link rel=\"canonical\" href=\"https:\/\/www.rccollection.it\/index.php\/la-societa\/\" \/>\n<meta property=\"og:locale\" content=\"it_IT\" \/>\n<meta property=\"og:type\" content=\"article\" \/>\n<meta property=\"og:title\" content=\"La societ\u00e0 - Rc Collections\" \/>\n<meta property=\"og:description\" content=\"Siamo leader nella gestione del credito da 25 anni R.C. Collection Srl nasce nel dicembre del 2000, grazie all\u2019intuito del suo fondatore, come societ\u00e0 di servizi specializzata nel credit management e nelle attivit\u00e0 di assistenza alla clientela in conto terzi. La nostra societ\u00e0 offre servizi che si basano su processi operativi e decisionali rapidi, sicuri [&hellip;]\" \/>\n<meta property=\"og:url\" content=\"https:\/\/www.rccollection.it\/index.php\/la-societa\/\" \/>\n<meta property=\"og:site_name\" content=\"Rc Collections\" \/>\n<meta property=\"article:modified_time\" content=\"2026-03-23T10:18:39+00:00\" \/>\n<meta name=\"twitter:card\" content=\"summary_large_image\" \/>\n<script type=\"application\/ld+json\" class=\"yoast-schema-graph\">{\"@context\":\"https:\/\/schema.org\",\"@graph\":[{\"@type\":\"WebPage\",\"@id\":\"https:\/\/www.rccollection.it\/index.php\/la-societa\/\",\"url\":\"https:\/\/www.rccollection.it\/index.php\/la-societa\/\",\"name\":\"La societ\u00e0 - Rc Collections\",\"isPartOf\":{\"@id\":\"https:\/\/www.rccollection.it\/#website\"},\"datePublished\":\"2026-02-12T10:01:39+00:00\",\"dateModified\":\"2026-03-23T10:18:39+00:00\",\"breadcrumb\":{\"@id\":\"https:\/\/www.rccollection.it\/index.php\/la-societa\/#breadcrumb\"},\"inLanguage\":\"it-IT\",\"potentialAction\":[{\"@type\":\"ReadAction\",\"target\":[\"https:\/\/www.rccollection.it\/index.php\/la-societa\/\"]}]},{\"@type\":\"BreadcrumbList\",\"@id\":\"https:\/\/www.rccollection.it\/index.php\/la-societa\/#breadcrumb\",\"itemListElement\":[{\"@type\":\"ListItem\",\"position\":1,\"name\":\"Home\",\"item\":\"https:\/\/www.rccollection.it\/\"},{\"@type\":\"ListItem\",\"position\":2,\"name\":\"La societ\u00e0\"}]},{\"@type\":\"WebSite\",\"@id\":\"https:\/\/www.rccollection.it\/#website\",\"url\":\"https:\/\/www.rccollection.it\/\",\"name\":\"Rc Collections\",\"description\":\"\",\"potentialAction\":[{\"@type\":\"SearchAction\",\"target\":{\"@type\":\"EntryPoint\",\"urlTemplate\":\"https:\/\/www.rccollection.it\/?s={search_term_string}\"},\"query-input\":{\"@type\":\"PropertyValueSpecification\",\"valueRequired\":true,\"valueName\":\"search_term_string\"}}],\"inLanguage\":\"it-IT\"}]}<\/script>\n<!-- \/ Yoast SEO plugin. -->","yoast_head_json":{"title":"La societ\u00e0 - Rc Collections","robots":{"index":"index","follow":"follow","max-snippet":"max-snippet:-1","max-image-preview":"max-image-preview:large","max-video-preview":"max-video-preview:-1"},"canonical":"https:\/\/www.rccollection.it\/index.php\/la-societa\/","og_locale":"it_IT","og_type":"article","og_title":"La societ\u00e0 - Rc Collections","og_description":"Siamo leader nella gestione del credito da 25 anni R.C. Collection Srl nasce nel dicembre del 2000, grazie all\u2019intuito del suo fondatore, come societ\u00e0 di servizi specializzata nel credit management e nelle attivit\u00e0 di assistenza alla clientela in conto terzi. La nostra societ\u00e0 offre servizi che si basano su processi operativi e decisionali rapidi, sicuri [&hellip;]","og_url":"https:\/\/www.rccollection.it\/index.php\/la-societa\/","og_site_name":"Rc Collections","article_modified_time":"2026-03-23T10:18:39+00:00","twitter_card":"summary_large_image","schema":{"@context":"https:\/\/schema.org","@graph":[{"@type":"WebPage","@id":"https:\/\/www.rccollection.it\/index.php\/la-societa\/","url":"https:\/\/www.rccollection.it\/index.php\/la-societa\/","name":"La societ\u00e0 - Rc Collections","isPartOf":{"@id":"https:\/\/www.rccollection.it\/#website"},"datePublished":"2026-02-12T10:01:39+00:00","dateModified":"2026-03-23T10:18:39+00:00","breadcrumb":{"@id":"https:\/\/www.rccollection.it\/index.php\/la-societa\/#breadcrumb"},"inLanguage":"it-IT","potentialAction":[{"@type":"ReadAction","target":["https:\/\/www.rccollection.it\/index.php\/la-societa\/"]}]},{"@type":"BreadcrumbList","@id":"https:\/\/www.rccollection.it\/index.php\/la-societa\/#breadcrumb","itemListElement":[{"@type":"ListItem","position":1,"name":"Home","item":"https:\/\/www.rccollection.it\/"},{"@type":"ListItem","position":2,"name":"La societ\u00e0"}]},{"@type":"WebSite","@id":"https:\/\/www.rccollection.it\/#website","url":"https:\/\/www.rccollection.it\/","name":"Rc Collections","description":"","potentialAction":[{"@type":"SearchAction","target":{"@type":"EntryPoint","urlTemplate":"https:\/\/www.rccollection.it\/?s={search_term_string}"},"query-input":{"@type":"PropertyValueSpecification","valueRequired":true,"valueName":"search_term_string"}}],"inLanguage":"it-IT"}]}},"_links":{"self":[{"href":"https:\/\/www.rccollection.it\/index.php\/wp-json\/wp\/v2\/pages\/7","targetHints":{"allow":["GET"]}}],"collection":[{"href":"https:\/\/www.rccollection.it\/index.php\/wp-json\/wp\/v2\/pages"}],"about":[{"href":"https:\/\/www.rccollection.it\/index.php\/wp-json\/wp\/v2\/types\/page"}],"author":[{"embeddable":true,"href":"https:\/\/www.rccollection.it\/index.php\/wp-json\/wp\/v2\/users\/1"}],"replies":[{"embeddable":true,"href":"https:\/\/www.rccollection.it\/index.php\/wp-json\/wp\/v2\/comments?post=7"}],"version-history":[{"count":23,"href":"https:\/\/www.rccollection.it\/index.php\/wp-json\/wp\/v2\/pages\/7\/revisions"}],"predecessor-version":[{"id":585,"href":"https:\/\/www.rccollection.it\/index.php\/wp-json\/wp\/v2\/pages\/7\/revisions\/585"}],"wp:attachment":[{"href":"https:\/\/www.rccollection.it\/index.php\/wp-json\/wp\/v2\/media?parent=7"}],"curies":[{"name":"wp","href":"https:\/\/api.w.org\/{rel}","templated":true}]}}